{"id":68238,"date":"2020-12-15T18:54:24","date_gmt":"2020-12-15T17:54:24","guid":{"rendered":"https:\/\/iyasta.com\/discovering-spain\/comunidad-valenciana\/"},"modified":"2020-12-16T13:31:21","modified_gmt":"2020-12-16T12:31:21","slug":"comunidad-valenciana","status":"publish","type":"page","link":"https:\/\/iyasta.com\/en\/discovering-spain\/comunidad-valenciana\/","title":{"rendered":"Comunidad Valenciana"},"content":{"rendered":"\n<figure class=\"wp-block-image size-large\"><img decoding=\"async\" src=\"https:\/\/iyasta.com\/wp-content\/themes\/wpresidence-child\/img\/espana_zonas\/comunidad-valenciana.jpg\" alt=\"\"><\/figure><h1 style=\"text-align: center;\">Comunidad Valenciana<\/h1>\n<h2 style=\"text-align: center; font-family: 'Mistral',Open Sans, sans-serif; color: #21876a!important; font-size: 30px;\">Mediterranean live<\/h2>\n<div style=\"text-align: justify;\">\n<p>If the Region of Valencia is distinguished for something, it is because of its vast natural heritage and its diversity. There are more than twenty natural parks including islands, coastal mountain ranges, wetlands &#8230;<\/p>\n<p>From north to south, the interior mountain range holds an immense natural wealth where the most varied vegetation contrasts with high and arid spaces ideal for hiking. The Serra d&#8217;Espad\u00e0 or the Sot de Chera, in the provinces of Castell\u00f3n and Valencia, or the Serra de Mariola in Alicante, are three examples of the heterogeneity that you can enjoy.<\/p>\n<p>Its beaches and coves are world widely recognized for their natural beauty, good services and the possibility to enjoy them at any time of the year, thanks to a sunny climate almost all year round.<\/p>\n<p>From extensive sandy areas to hidden coves, through a wide variety of accessible and naturist beaches with an extremely wide tourist offer.<\/p>\n<p>Visiting the Region of Valencia, its cities, places and corners, you will discover a land with a rich history and culture.<\/p>\n<p>The Region of Valencia has a tremendous artistic and cultural legacy as a result of the different civilisations that have housed and the architectural styles throughout its history.<\/p>\n<p><span style=\"font-size: inherit;\">All the information in\u00a0 <\/span><a style=\"font-size: inherit;\" href=\"https:\/\/www.comunitatvalenciana.com\/en\/home\" target=\"_blank\" rel=\"noopener noreferrer\">Comunidad Valenciana official tourism website<\/a><\/p>\n<\/div>\n<h5><strong>Transportation<\/strong><\/h5>\n<div style=\"text-align: justify;\">\n<p>There are three provincial airports you can fly into. Alicante-Elche Airport is just eight kilometres southwest of the city of Alicante. Its geographical location makes it an important connection for major tourist areas along the coast, like Benidorm, Calp, D\u00e9nia, J\u00e1vea and Torrevieja.<\/p>\n<p>Castell\u00f3n Airport is important to major foreign European markets like London, Budapest and Vienna. Fly into this airport to see iconic spots in the province of Castell\u00f3n, like Benicasim, Oropesa del Mar, Alcossebre, Pe\u00f1\u00edscola, Castell\u00f3 de la Plana and Morella.<\/p>\n<p>Val\u00e8ncia Airport, in Manises, is the most important airport in the Region of Valencia. It is just eight kilometres outside the city of Val\u00e8ncia and promises easy access to large cities like Cullera, Gandia, Oropesa del Mar, Benicassim, Pe\u00f1\u00edscola and Benicarl\u00f3<\/p>\n<\/div>\n<h4 style=\"text-align: center; margin-top: 30px;\"><strong>Search for a property in Comunidad Valenciana<\/strong><\/h4>\n<div class=\"comunidades\">\r\n<div class=\"boton_encuentra\"><a href=\"https:\/\/iyasta.com\/en\/search-sale-rent-property-houses\/?lang=en&amp;filter_search_action%5B0%5D&amp;filter_search_type%5B0%5D&amp;advanced_contystate=comunidad-valenciana&amp;interior-costa&amp;price_low=0&amp;price_max=5000000&amp;no-min-habitaciones&amp;no-min-banos&amp;submit\" target=\"_blank\" rel=\"noopener noreferrer\"><span style=\"font-family: 'Mistral',Open Sans, sans-serif; color: #21876a; font-size: 40px;\">F<\/span><span style=\"font-family: 'Mistral',Open Sans, sans-serif; font-size: 40px;\">ind<\/span><\/a><\/div>\r\n<\/div>\r\n<div><a class=\"wpb_button manage_floor wpb_btn-success wpb_btn-large vc_button\" onclick=\"volver()\" target=\"_self\" rel=\"noopener\"><i class=\"fa fa-arrow-circle-left\" style=\"margin-right: 5px;\"><\/i>Go back<\/a>\r\n<script type=\"text\/javascript\">function volver(){window.history.back();}<\/script><\/div>\n<p><\/p>\n","protected":false},"excerpt":{"rendered":"<p>Comunidad Valenciana Mediterranean live If the Region of Valencia is distinguished for something, it is because of its vast natural heritage and its diversity. There are more than twenty natural parks including islands, coastal mountain ranges, wetlands &#8230; From north to south, the interior mountain range holds an immense natural wealth where the most varied vegetation contrasts with high and arid spaces ideal for &#8230;<\/p>\n","protected":false},"author":1,"featured_media":0,"parent":68064,"menu_order":0,"comment_status":"closed","ping_status":"closed","template":"comunidades.php","meta":{"footnotes":""},"class_list":["post-68238","page","type-page","status-publish","hentry"],"_links":{"self":[{"href":"https:\/\/iyasta.com\/en\/wp-json\/wp\/v2\/pages\/68238","targetHints":{"allow":["GET"]}}],"collection":[{"href":"https:\/\/iyasta.com\/en\/wp-json\/wp\/v2\/pages"}],"about":[{"href":"https:\/\/iyasta.com\/en\/wp-json\/wp\/v2\/types\/page"}],"author":[{"embeddable":true,"href":"https:\/\/iyasta.com\/en\/wp-json\/wp\/v2\/users\/1"}],"replies":[{"embeddable":true,"href":"https:\/\/iyasta.com\/en\/wp-json\/wp\/v2\/comments?post=68238"}],"version-history":[{"count":3,"href":"https:\/\/iyasta.com\/en\/wp-json\/wp\/v2\/pages\/68238\/revisions"}],"predecessor-version":[{"id":68255,"href":"https:\/\/iyasta.com\/en\/wp-json\/wp\/v2\/pages\/68238\/revisions\/68255"}],"up":[{"embeddable":true,"href":"https:\/\/iyasta.com\/en\/wp-json\/wp\/v2\/pages\/68064"}],"wp:attachment":[{"href":"https:\/\/iyasta.com\/en\/wp-json\/wp\/v2\/media?parent=68238"}],"curies":[{"name":"wp","href":"https:\/\/api.w.org\/{rel}","templated":true}]}}