{"id":20392,"date":"2017-03-02T12:31:05","date_gmt":"2017-03-02T11:31:05","guid":{"rendered":"https:\/\/iyasta.com\/gastronomia\/"},"modified":"2020-12-14T18:12:07","modified_gmt":"2020-12-14T17:12:07","slug":"gastronomy-spain","status":"publish","type":"page","link":"https:\/\/iyasta.com\/en\/buy-life-spain\/gastronomy-spain\/","title":{"rendered":"Gastronomy Spain"},"content":{"rendered":"<div class=\"cabecera-disfruta\"><img decoding=\"async\" title=\"\" src=\"https:\/\/www.iyasta.com\/wp-content\/themes\/wpresidence-child\/img\/venta-casas-gastronomia.jpg\"><\/div>\n<h1><span style=\"color: #665c5c;\">Gastronomy<\/span><\/h1>\n<h4 style=\"text-align: justify;\"><span style=\"color: #665c5c;\"><strong>An endless number of flavors<\/strong> to discover in each area.<\/span><\/h4>\n<p style=\"text-align: justify;\"><span style=\"color: #665c5c;\">The <strong>Mediterranean diet<\/strong> has been  awarded the<\/span>&nbsp;<span style=\"color: #f05a28;\"><a style=\"color: #f05a28;\" href=\"https:\/\/ich.unesco.org\/en\/RL\/mediterranean-diet-00884?RL=00884\" target=\"_blank\" rel=\"noopener noreferrer\">UNESCO Intangible Cultural Heritage designation<\/a> <\/span><span style=\"color: #665c5c;\">in 2010. <\/span> <a href=\"https:\/\/www.oliveoilsfromspain.org\/\" target=\"_blank\" rel=\"noopener noreferrer\"><span style=\"color: #f05a28;\">Olive oil<\/span><\/a> <span style=\"color: #665c5c;\">is the basis of Spanish cuisine, it has about 30 Denominations, mostly concentrated in Andaluc\u00eda.<\/span><\/p>\n<p style=\"text-align: justify;\"><span style=\"color: #665c5c;\">Highlights the <strong>Iberian ham<\/strong>, acorn-fed, as well as a great variety of sausages and <strong>typical cheeses<\/strong> from each area.<\/span><\/p>\n<p style=\"text-align: justify;\"><span style=\"color: #665c5c;\">As for the typical dishes, each Community offers a good variety, we can enjoy <strong>&#8220;paella valenciana&#8221;, &#8220;cocido madrile\u00f1o&#8221;, &#8220;gazpacho andaluz&#8221;, &#8220;fabada asturiana&#8221;, &#8220;merluza a la vasca&#8221;, &#8220;cal\u00e7ots&#8221; from Catalu\u00f1a or &#8220;tortilla de patata&#8221;.<\/strong>.<\/span><\/p>\n<p style=\"text-align: justify;\"><span style=\"color: #665c5c;\"><strong>&#8220;Tapas&#8221;<\/strong> and <strong>&#8220;pintxos&#8221;<\/strong> are essential to accompany a good <strong>wine<\/strong>, a<strong> beer<\/strong>, a <strong>cider<\/strong> or a soft drink.<\/span><\/p>\n<p style=\"text-align: justify;\"><span style=\"color: #665c5c;\">Sweets are also varied: &#8220;ensaimadas&#8221;, &#8220;mantecados&#8221;, &#8220;sobaos&#8221; or &#8220;mazapanes&#8221;.<\/span><\/p>\n<p style=\"text-align: justify;\"><span style=\"color: #665c5c;\">Spain is also <strong>A world benchmark for haute cuisine<\/strong> and one of Europe countries with the most Michelin stars.<\/span><\/p>\n<h4 style=\"text-align: justify;\"><span style=\"color: #665c5c;\">In short,<\/span>&nbsp;<a style=\"color: #f05a28;\" href=\"https:\/\/www.spain.info\/en\/que-quieres\/gastronomia\/\" target=\"_blank\" rel=\"noopener noreferrer\">a country to taste.<\/a><span style=\"color: #f05a28;\">.<\/span><\/h4>\n<div><a class=\"wpb_button manage_floor wpb_btn-success wpb_btn-large vc_button\" target=\"_self\" onclick=\"volver()\" rel=\"noopener noreferrer\"><i class=\"fa fa-arrow-circle-left\" style=\"margin-right: 5px;\"><\/i>Go back<\/a><br \/>\n<script type=\"text\/javascript\">function volver(){window.history.back();}<\/script><\/div>\n","protected":false},"excerpt":{"rendered":"<p>Gastronomy An endless number of flavors to discover in each area. The Mediterranean diet has been awarded the&nbsp;UNESCO Intangible Cultural Heritage designation in 2010. Olive oil is the basis of Spanish cuisine, it has about 30 Denominations, mostly concentrated in Andaluc\u00eda. Highlights the Iberian ham, acorn-fed, as well as a great variety of sausages and typical cheeses from each area. As for the typical &#8230;<\/p>\n","protected":false},"author":1,"featured_media":0,"parent":20199,"menu_order":0,"comment_status":"closed","ping_status":"closed","template":"","meta":{"footnotes":""},"class_list":["post-20392","page","type-page","status-publish","hentry"],"_links":{"self":[{"href":"https:\/\/iyasta.com\/en\/wp-json\/wp\/v2\/pages\/20392","targetHints":{"allow":["GET"]}}],"collection":[{"href":"https:\/\/iyasta.com\/en\/wp-json\/wp\/v2\/pages"}],"about":[{"href":"https:\/\/iyasta.com\/en\/wp-json\/wp\/v2\/types\/page"}],"author":[{"embeddable":true,"href":"https:\/\/iyasta.com\/en\/wp-json\/wp\/v2\/users\/1"}],"replies":[{"embeddable":true,"href":"https:\/\/iyasta.com\/en\/wp-json\/wp\/v2\/comments?post=20392"}],"version-history":[{"count":11,"href":"https:\/\/iyasta.com\/en\/wp-json\/wp\/v2\/pages\/20392\/revisions"}],"predecessor-version":[{"id":68038,"href":"https:\/\/iyasta.com\/en\/wp-json\/wp\/v2\/pages\/20392\/revisions\/68038"}],"up":[{"embeddable":true,"href":"https:\/\/iyasta.com\/en\/wp-json\/wp\/v2\/pages\/20199"}],"wp:attachment":[{"href":"https:\/\/iyasta.com\/en\/wp-json\/wp\/v2\/media?parent=20392"}],"curies":[{"name":"wp","href":"https:\/\/api.w.org\/{rel}","templated":true}]}}