{"id":20199,"date":"2017-02-23T11:59:44","date_gmt":"2017-02-23T10:59:44","guid":{"rendered":"https:\/\/iyasta.com\/en\/disfruta-espana\/"},"modified":"2020-12-17T19:57:07","modified_gmt":"2020-12-17T18:57:07","slug":"buy-life-spain","status":"publish","type":"page","link":"https:\/\/iyasta.com\/en\/buy-life-spain\/","title":{"rendered":"Buy Life Spain"},"content":{"rendered":"<div class=\"titulo-disfruta\"><i class=\"fa fa-heart\" style=\"\"><\/i><i class=\"fa fa-heart\" style=\"font-size:28px;color:#665c5c;\"><\/i><i class=\"fa fa-heart\" style=\"font-size:18px;color:#f05a28;margin-left:2px;\"><\/i><\/p>\n<h1>Enjoy your life in Spain!<\/h1>\n<\/div>\n<div style=\"position:relative;\">\n<div class=\"disfruta\">\n<div class=\"clima\">\n<h3><a href=\"https:\/\/www.iyasta.com\/en\/weather\/\" class=\"climaa\">Weather<\/a><\/h3>\n<p><img decoding=\"async\" title=\"\" src=\"https:\/\/www.iyasta.com\/wp-content\/themes\/wpresidence-child\/img\/espana-casas-pisos-clima.jpg\"><\/p>\n<\/div>\n<\/div>\n<div class=\"disfruta\">\n<div class=\"gastronomia\">\n<h3><a href=\"https:\/\/www.iyasta.com\/en\/gastronomy\/\" class=\"gastronomiaa\">Gastronomy<\/a><\/h3>\n<p><img decoding=\"async\" title=\"\" src=\"https:\/\/www.iyasta.com\/wp-content\/themes\/wpresidence-child\/img\/gastronomia-casas-venta.jpg\"><\/p>\n<\/div>\n<\/div>\n<div class=\"disfruta\">\n<div class=\"paisaje\">\n<h3><a href=\"https:\/\/www.iyasta.com\/en\/landscape\/\" class=\"paisajea\">Landscape<\/a><\/h3>\n<p><img decoding=\"async\" title=\"\" src=\"https:\/\/www.iyasta.com\/wp-content\/themes\/wpresidence-child\/img\/venta-casas-paisaje.jpg\"><\/p>\n<\/div>\n<\/div>\n<div class=\"disfruta\">\n<div class=\"gente\">\n<h3><a href=\"https:\/\/www.iyasta.com\/en\/people\/\" class=\"gentea\">People<\/a><\/h3>\n<p><img decoding=\"async\" title=\"\" src=\"https:\/\/www.iyasta.com\/wp-content\/themes\/wpresidence-child\/img\/venta-inmobiliaria-gente.jpg\"><\/p>\n<\/div>\n<\/div>\n<div class=\"disfruta1\">\n<div class=\"turismo\"><a href=\"https:\/\/www.spain.info\/en\/\" target=\"_blank\" rel=\"noopener noreferrer\"><\/a><img decoding=\"async\" title=\"Spain's official tourism portal\" src=\"https:\/\/www.iyasta.com\/wp-content\/themes\/wpresidence-child\/img\/turismo-espana-casas-pisos.jpg\" data-pretty=\"prettyPhoto\" title=\"Buy Life Spain\"><\/div>\n<div class=\"marca-espana\"><a href=\"https:\/\/www.thisistherealspain.com\/en\/\" target=\"_blank\" rel=\"noopener noreferrer\"><\/a><img decoding=\"async\" img=\"\" title=\"web marca espa\u00f1a\" src=\"https:\/\/www.iyasta.com\/wp-content\/themes\/wpresidence-child\/img\/marca-espana-venta-alquiler.jpg\" data-pretty=\"prettyPhoto\" title=\"Buy Life Spain\"><\/div>\n<\/div>\n<\/div>\n<div class=\"disfruta2\">\n<h2>A unique lifestyle in a unique setting<\/h2>\n<\/div>\n<div style=\"position:relative;\">\n<div class=\"inicio\">\n<div class=\"traduccion\">\n<div><a href=\"https:\/\/iyasta.com\/en\/discovering-spain\/galicia\/\"><img decoding=\"async\" title=\"\" src=\"https:\/\/iyasta.com\/wp-content\/themes\/wpresidence-child\/img\/espana_zonas\/ven-a-galicia.jpg\" data-pretty=\"prettyPhoto\" title=\"Buy Life Spain\" alt=\"galicia comprar vivienda\"><\/a><\/div>\n<h2><a href=\"https:\/\/iyasta.com\/en\/discovering-spain\/galicia\/\">Galicia<\/a><\/h2>\n<\/div>\n<\/div>\n<div class=\"inicio\">\n<div class=\"compra\">\n<div><a href=\"https:\/\/iyasta.com\/en\/discovering-spain\/asturias\/\"><img decoding=\"async\" title=\"\" src=\"https:\/\/iyasta.com\/wp-content\/themes\/wpresidence-child\/img\/espana_zonas\/ven-a-asturias.jpg\" data-pretty=\"prettyPhoto\" title=\"Buy Life Spain\" alt=\"asturias comprar vivienda\"><\/a><\/div>\n<h2><a href=\"https:\/\/iyasta.com\/en\/discovering-spain\/asturias\/\">Asturias<\/a><\/h2>\n<\/div>\n<\/div>\n<div class=\"inicio\">\n<div class=\"invierte\">\n<div><a href=\"https:\/\/iyasta.com\/en\/discovering-spain\/cantabria\/\"><img decoding=\"async\" title=\"\" src=\"https:\/\/iyasta.com\/wp-content\/themes\/wpresidence-child\/img\/espana_zonas\/ven-a-cantabria.jpg\" data-pretty=\"prettyPhoto\" title=\"Buy Life Spain\" alt=\"cantabria comprar vivienda\"><\/a><\/div>\n<h2><a href=\"https:\/\/iyasta.com\/en\/discovering-spain\/cantabria\/\">Cantabria<\/a><\/h2>\n<\/div>\n<\/div>\n<div class=\"inicio\">\n<div class=\"traduccion\">\n<div><a href=\"https:\/\/iyasta.com\/en\/discovering-spain\/pais-vasco\/\"><img decoding=\"async\" title=\"\" src=\"https:\/\/iyasta.com\/wp-content\/themes\/wpresidence-child\/img\/espana_zonas\/ven-a-pais-vasco.jpg\" data-pretty=\"prettyPhoto\" title=\"Buy Life Spain\" alt=\"pais vasco comprar vivienda\"><\/a><\/div>\n<h2><a href=\"https:\/\/iyasta.com\/en\/discovering-spain\/pais-vasco\/\">Pa\u00eds<\/a><\/h2>\n<h2><a href=\"https:\/\/iyasta.com\/en\/discovering-spain\/pais-vasco\/\">Vasco<\/a><\/h2>\n<\/div>\n<\/div>\n<div class=\"inicio\">\n<div class=\"compra\">\n<div><a href=\"https:\/\/iyasta.com\/en\/discovering-spain\/navarra\/\"><img decoding=\"async\" title=\"\" src=\"https:\/\/iyasta.com\/wp-content\/themes\/wpresidence-child\/img\/espana_zonas\/ven-a-navarra.jpg\" data-pretty=\"prettyPhoto\" title=\"Buy Life Spain\" alt=\"navarra comprar vivienda\"><\/a><\/div>\n<h2><a href=\"https:\/\/iyasta.com\/en\/discovering-spain\/navarra\/\">Navarra<\/a><\/h2>\n<\/div>\n<\/div>\n<div class=\"inicio\">\n<div class=\"invierte\">\n<div><a href=\"https:\/\/iyasta.com\/en\/discovering-spain\/la-rioja\/\"><img decoding=\"async\" title=\"\" src=\"https:\/\/iyasta.com\/wp-content\/themes\/wpresidence-child\/img\/espana_zonas\/ven-a-la-rioja.jpg\" data-pretty=\"prettyPhoto\" title=\"Buy Life Spain\" alt=\"la rioja comprar vivienda\"><\/a><\/div>\n<h2><a href=\"https:\/\/iyasta.com\/en\/discovering-spain\/la-rioja\/\">La Rioja<\/a><\/h2>\n<\/div>\n<\/div>\n<div class=\"inicio\">\n<div class=\"traduccion\">\n<div><a href=\"https:\/\/iyasta.com\/en\/discovering-spain\/aragon\/\"><img decoding=\"async\" title=\"\" src=\"https:\/\/iyasta.com\/wp-content\/themes\/wpresidence-child\/img\/espana_zonas\/ven-a-aragon.jpg\" data-pretty=\"prettyPhoto\" title=\"Buy Life Spain\" alt=\"aragon comprar vivienda\"><\/a><\/div>\n<h2><a href=\"https:\/\/iyasta.com\/en\/discovering-spain\/aragon\/\">Arag\u00f3n<\/a><\/h2>\n<\/div>\n<\/div>\n<div class=\"inicio\">\n<div class=\"compra\">\n<div><a href=\"https:\/\/iyasta.com\/en\/discovering-spain\/cataluna\/\"><img decoding=\"async\" title=\"\" src=\"https:\/\/iyasta.com\/wp-content\/themes\/wpresidence-child\/img\/espana_zonas\/ven-a-cataluna.jpg\" data-pretty=\"prettyPhoto\" title=\"Buy Life Spain\" alt=\"cataluna comprar vivienda\"><\/a><\/div>\n<h2><a href=\"https:\/\/iyasta.com\/en\/discovering-spain\/cataluna\/\">Catalu\u00f1a<\/a><\/h2>\n<\/div>\n<\/div>\n<div class=\"inicio\">\n<div class=\"invierte\">\n<div><a href=\"https:\/\/iyasta.com\/en\/discovering-spain\/castilla-y-leon\/\"><img decoding=\"async\" title=\"\" src=\"https:\/\/iyasta.com\/wp-content\/themes\/wpresidence-child\/img\/espana_zonas\/ven-a-castilla-y-leon.jpg\" data-pretty=\"prettyPhoto\" title=\"Buy Life Spain\" alt=\"castilla-leon comprar vivienda\"><\/a><\/div>\n<h2><a href=\"https:\/\/iyasta.com\/en\/discovering-spain\/castilla-y-leon\/\">Castilla<\/a><\/h2>\n<h2><a href=\"https:\/\/iyasta.com\/en\/discovering-spain\/castilla-y-leon\/\">Y Le\u00f3n<\/a><\/h2>\n<\/div>\n<\/div>\n<div class=\"inicio\">\n<div class=\"traduccion\">\n<div><a href=\"https:\/\/iyasta.com\/en\/discovering-spain\/extremadura\/\"><img decoding=\"async\" title=\"\" src=\"https:\/\/iyasta.com\/wp-content\/themes\/wpresidence-child\/img\/espana_zonas\/ven-a-extremadura.jpg\" data-pretty=\"prettyPhoto\" title=\"Buy Life Spain\" alt=\"extremadura comprar vivienda\"><\/a><\/div>\n<h2><a href=\"https:\/\/iyasta.com\/en\/discovering-spain\/extremadura\/\">Extremadura<\/a><\/h2>\n<\/div>\n<\/div>\n<div class=\"inicio\">\n<div class=\"compra\">\n<div><a href=\"https:\/\/iyasta.com\/en\/discovering-spain\/madrid\/\"><img decoding=\"async\" title=\"\" src=\"https:\/\/iyasta.com\/wp-content\/themes\/wpresidence-child\/img\/espana_zonas\/ven-a-madrid.jpg\" data-pretty=\"prettyPhoto\" title=\"Buy Life Spain\" alt=\"madrid comprar vivienda\"><\/a><\/div>\n<h2><a href=\"https:\/\/iyasta.com\/en\/discovering-spain\/madrid\/\">Madrid<\/a><\/h2>\n<\/div>\n<\/div>\n<div class=\"inicio\">\n<div class=\"invierte\">\n<div><a href=\"https:\/\/iyasta.com\/en\/discovering-spain\/castilla-la-mancha\/\"><img decoding=\"async\" title=\"\" src=\"https:\/\/iyasta.com\/wp-content\/themes\/wpresidence-child\/img\/espana_zonas\/ven-a-castilla-la-mancha.jpg\" data-pretty=\"prettyPhoto\" title=\"Buy Life Spain\" alt=\"castilla la mancha comprar vivienda\"><\/a><\/div>\n<h2><a href=\"https:\/\/iyasta.com\/en\/discovering-spain\/castilla-la-mancha\/\">Castilla<\/a><\/h2>\n<h2><a href=\"https:\/\/www.iyasta.com\/descubre-espana\/castilla-la-mancha\/\">La Mancha<\/a><\/h2>\n<\/div>\n<\/div>\n<div class=\"inicio\">\n<div class=\"traduccion\">\n<div><a href=\"https:\/\/iyasta.com\/en\/discovering-spain\/comunidad-valenciana\/\"><img decoding=\"async\" title=\"\" src=\"https:\/\/iyasta.com\/wp-content\/themes\/wpresidence-child\/img\/espana_zonas\/ven-a-comunidad-valenciana.jpg\" data-pretty=\"prettyPhoto\" title=\"Buy Life Spain\" alt=\"comunidad valenciana comprar vivienda\"><\/a><\/div>\n<h2><a href=\"https:\/\/iyasta.com\/en\/discovering-spain\/comunidad-valenciana\/\">Comunidad<\/a><\/h2>\n<h2><a href=\"https:\/\/iyasta.com\/en\/discovering-spain\/comunidad-valenciana\/\">Valenciana<\/a><\/h2>\n<\/div>\n<\/div>\n<div class=\"inicio\">\n<div class=\"compra\">\n<div><a href=\"https:\/\/iyasta.com\/en\/discovering-spain\/andalucia\/\"><img decoding=\"async\" title=\"\" src=\"https:\/\/iyasta.com\/wp-content\/themes\/wpresidence-child\/img\/espana_zonas\/ven-a-andalucia.jpg\" data-pretty=\"prettyPhoto\" title=\"Buy Life Spain\" alt=\"andalucia comprar vivienda\"><\/a><\/div>\n<h2><a href=\"https:\/\/iyasta.com\/en\/discovering-spain\/andalucia\/\">Andaluc\u00eda<\/a><\/h2>\n<\/div>\n<\/div>\n<div class=\"inicio\">\n<div class=\"invierte\">\n<div><a href=\"https:\/\/iyasta.com\/en\/discovering-spain\/murcia\/\"><img decoding=\"async\" title=\"\" src=\"https:\/\/iyasta.com\/wp-content\/themes\/wpresidence-child\/img\/espana_zonas\/ven-a-murcia.jpg\" data-pretty=\"prettyPhoto\" title=\"Buy Life Spain\" alt=\"murcia comprar vivienda\"><\/a><\/div>\n<h2><a href=\"https:\/\/iyasta.com\/en\/discovering-spain\/murcia\/\">Murcia<\/a><\/h2>\n<\/div>\n<\/div>\n<div class=\"inicio\">\n<div class=\"traduccion\">\n<div><a href=\"https:\/\/iyasta.com\/en\/discovering-spain\/islas-canarias\/\"><img decoding=\"async\" title=\"\" src=\"https:\/\/iyasta.com\/wp-content\/themes\/wpresidence-child\/img\/espana_zonas\/ven-a-islas-canarias.jpg\" data-pretty=\"prettyPhoto\" title=\"Buy Life Spain\" alt=\"islas canarias comprar vivienda\"><\/a><\/div>\n<h2><a href=\"https:\/\/iyasta.com\/en\/discovering-spain\/islas-canarias\/\">Islas<\/a><\/h2>\n<h2><a href=\"https:\/\/iyasta.com\/en\/discovering-spain\/islas-canarias\/\">Canarias<\/a><\/h2>\n<\/div>\n<\/div>\n<div class=\"inicio\">\n<div class=\"compra\">\n<div><a href=\"https:\/\/iyasta.com\/en\/discovering-spain\/islas-baleares\/\"><img decoding=\"async\" title=\"\" src=\"https:\/\/iyasta.com\/wp-content\/themes\/wpresidence-child\/img\/espana_zonas\/ven-a-islas-baleares.jpg\" data-pretty=\"prettyPhoto\" title=\"Buy Life Spain\" alt=\"islas-baleares comprar vivienda\"><\/a><\/div>\n<h2><a href=\"https:\/\/iyasta.com\/en\/discovering-spain\/islas-baleares\/\">Islas<\/a><\/h2>\n<h2><a href=\"https:\/\/iyasta.com\/en\/discovering-spain\/islas-baleares\/\">Baleares<\/a><\/h2>\n<\/div>\n<\/div>\n<div class=\"inicio\"><\/div>\n<\/div>\n<div class=\"espana1\">\n<div class=\"boton_vende\" data-toggle=\"modal\" data-target=\"#loginmodal\"><span style=\"font-family:'Mistral',Open Sans, sans-serif, sans-serif; color: #21876a; font-size: 40px;\">S<\/span><span style=\"font-family:'Mistral',Open Sans, sans-serif; font-size: 40px;\">ell<\/span><\/div>\n<\/div>\n<div class=\"espana2\">\n<div class=\"boton_encuentra\"><a href=\"https:\/\/www.iyasta.com\/en\/search-sale-rent-property-houses\/?filter_search_action%5B%5D=&amp;filter_search_type%5B%5D=&amp;advanced_contystate=&amp;interiorcosta=&amp;price_low=0&amp;price_max=5000000&amp;no-min-dormitorios=&amp;no-min-banos=&amp;submit=\" target=\"_self\" rel=\"noopener noreferrer\"><span style=\"font-family:'Mistral',Open Sans, sans-serif;color: #21876a; font-size: 40px;\">F<\/span><span style=\"font-family:'Mistral',Open Sans, sans-serif; font-size: 40px;\">ind<\/span><\/a><\/div>\n<\/div>\n","protected":false},"excerpt":{"rendered":"<p>Enjoy your life in Spain! Weather Gastronomy Landscape People A unique lifestyle in a unique setting Galicia Asturias Cantabria Pa\u00eds Vasco Navarra La Rioja Arag\u00f3n Catalu\u00f1a Castilla Y Le\u00f3n Extremadura Madrid Castilla La Mancha Comunidad Valenciana Andaluc\u00eda Murcia Islas Canarias Islas Baleares Sell Find<\/p>\n","protected":false},"author":1,"featured_media":0,"parent":0,"menu_order":0,"comment_status":"closed","ping_status":"closed","template":"","meta":{"footnotes":""},"class_list":["post-20199","page","type-page","status-publish","hentry"],"_links":{"self":[{"href":"https:\/\/iyasta.com\/en\/wp-json\/wp\/v2\/pages\/20199","targetHints":{"allow":["GET"]}}],"collection":[{"href":"https:\/\/iyasta.com\/en\/wp-json\/wp\/v2\/pages"}],"about":[{"href":"https:\/\/iyasta.com\/en\/wp-json\/wp\/v2\/types\/page"}],"author":[{"embeddable":true,"href":"https:\/\/iyasta.com\/en\/wp-json\/wp\/v2\/users\/1"}],"replies":[{"embeddable":true,"href":"https:\/\/iyasta.com\/en\/wp-json\/wp\/v2\/comments?post=20199"}],"version-history":[{"count":24,"href":"https:\/\/iyasta.com\/en\/wp-json\/wp\/v2\/pages\/20199\/revisions"}],"predecessor-version":[{"id":68309,"href":"https:\/\/iyasta.com\/en\/wp-json\/wp\/v2\/pages\/20199\/revisions\/68309"}],"wp:attachment":[{"href":"https:\/\/iyasta.com\/en\/wp-json\/wp\/v2\/media?parent=20199"}],"curies":[{"name":"wp","href":"https:\/\/api.w.org\/{rel}","templated":true}]}}