{"id":68063,"date":"2020-12-15T10:25:10","date_gmt":"2020-12-15T09:25:10","guid":{"rendered":"https:\/\/iyasta.com\/?page_id=68063"},"modified":"2020-12-17T20:03:14","modified_gmt":"2020-12-17T19:03:14","slug":"entdecken-sie-spanien","status":"publish","type":"page","link":"https:\/\/iyasta.com\/de\/entdecken-sie-spanien\/","title":{"rendered":"Entdecken sie Spanien"},"content":{"rendered":"\n<div class=\"titulo-descubre\"><i class=\"fa fa-sun-o\" style=\"\"><\/i><i class=\"fa fa-sun-o\" style=\"font-size:28px;color:#665c5c;\"><\/i><i class=\"fa fa-sun-o\" style=\"font-size:18px;color:#f05a28;margin-left:2px;\"><\/i>\n<h1>Entdecken Sie Spanien<\/h1>\n<\/div>\n<div style=\"position:relative;\">\n<div class=\"inicio\">\n<div class=\"traduccion\">\n<div><a href=\"https:\/\/iyasta.com\/en\/discovering-spain\/galicia\/\"><img decoding=\"async\" title=\"\" src=\"https:\/\/iyasta.com\/wp-content\/themes\/wpresidence-child\/img\/espana_zonas\/ven-a-galicia.jpg\" data-pretty=\"prettyPhoto\" title=\"Entdecken sie Spanien\" alt=\"galicia comprar vivienda\"><\/a><\/div>\n<h2><a href=\"https:\/\/iyasta.com\/en\/discovering-spain\/galicia\/\">Galicia<\/a><\/h2>\n<\/div>\n<\/div>\n<div class=\"inicio\">\n<div class=\"compra\">\n<div><a href=\"https:\/\/iyasta.com\/en\/discovering-spain\/asturias\/\"><img decoding=\"async\" title=\"\" src=\"https:\/\/iyasta.com\/wp-content\/themes\/wpresidence-child\/img\/espana_zonas\/ven-a-asturias.jpg\" data-pretty=\"prettyPhoto\" title=\"Entdecken sie Spanien\" alt=\"asturias comprar vivienda\"><\/a><\/div>\n<h2><a href=\"https:\/\/iyasta.com\/en\/discovering-spain\/asturias\/\">Asturias<\/a><\/h2>\n<\/div>\n<\/div>\n<div class=\"inicio\">\n<div class=\"invierte\">\n<div><a href=\"https:\/\/iyasta.com\/en\/discovering-spain\/cantabria\/\"><img decoding=\"async\" title=\"\" src=\"https:\/\/iyasta.com\/wp-content\/themes\/wpresidence-child\/img\/espana_zonas\/ven-a-cantabria.jpg\" data-pretty=\"prettyPhoto\" title=\"Entdecken sie Spanien\" alt=\"cantabria comprar vivienda\"><\/a><\/div>\n<h2><a href=\"https:\/\/iyasta.com\/en\/discovering-spain\/cantabria\/\">Cantabria<\/a><\/h2>\n<\/div>\n<\/div>\n<div class=\"inicio\">\n<div class=\"traduccion\">\n<div><a href=\"https:\/\/iyasta.com\/en\/discovering-spain\/pais-vasco\/\"><img decoding=\"async\" title=\"\" src=\"https:\/\/iyasta.com\/wp-content\/themes\/wpresidence-child\/img\/espana_zonas\/ven-a-pais-vasco.jpg\" data-pretty=\"prettyPhoto\" title=\"Entdecken sie Spanien\" alt=\"pais vasco comprar vivienda\"><\/a><\/div>\n<h2><a href=\"https:\/\/iyasta.com\/en\/discovering-spain\/pais-vasco\/\">Pa\u00eds<\/a><\/h2>\n<h2><a href=\"https:\/\/iyasta.com\/en\/discovering-spain\/pais-vasco\/\">Vasco<\/a><\/h2>\n<\/div>\n<\/div>\n<div class=\"inicio\">\n<div class=\"compra\">\n<div><a href=\"https:\/\/iyasta.com\/en\/discovering-spain\/navarra\/\"><img decoding=\"async\" title=\"\" src=\"https:\/\/iyasta.com\/wp-content\/themes\/wpresidence-child\/img\/espana_zonas\/ven-a-navarra.jpg\" data-pretty=\"prettyPhoto\" title=\"Entdecken sie Spanien\" alt=\"navarra comprar vivienda\"><\/a><\/div>\n<h2><a href=\"https:\/\/iyasta.com\/en\/discovering-spain\/navarra\/\">Navarra<\/a><\/h2>\n<\/div>\n<\/div>\n<div class=\"inicio\">\n<div class=\"invierte\">\n<div><a href=\"https:\/\/iyasta.com\/en\/discovering-spain\/la-rioja\/\"><img decoding=\"async\" title=\"\" src=\"https:\/\/iyasta.com\/wp-content\/themes\/wpresidence-child\/img\/espana_zonas\/ven-a-la-rioja.jpg\" data-pretty=\"prettyPhoto\" title=\"Entdecken sie Spanien\" alt=\"la rioja comprar vivienda\"><\/a><\/div>\n<h2><a href=\"https:\/\/iyasta.com\/en\/discovering-spain\/la-rioja\/\">La Rioja<\/a><\/h2>\n<\/div>\n<\/div>\n<div class=\"inicio\">\n<div class=\"traduccion\">\n<div><a href=\"https:\/\/iyasta.com\/en\/discovering-spain\/aragon\/\"><img decoding=\"async\" title=\"\" src=\"https:\/\/iyasta.com\/wp-content\/themes\/wpresidence-child\/img\/espana_zonas\/ven-a-aragon.jpg\" data-pretty=\"prettyPhoto\" title=\"Entdecken sie Spanien\" alt=\"aragon comprar vivienda\"><\/a><\/div>\n<h2><a href=\"https:\/\/iyasta.com\/en\/discovering-spain\/aragon\/\">Arag\u00f3n<\/a><\/h2>\n<\/div>\n<\/div>\n<div class=\"inicio\">\n<div class=\"compra\">\n<div><a href=\"https:\/\/iyasta.com\/en\/discovering-spain\/cataluna\/\"><img decoding=\"async\" title=\"\" src=\"https:\/\/iyasta.com\/wp-content\/themes\/wpresidence-child\/img\/espana_zonas\/ven-a-cataluna.jpg\" data-pretty=\"prettyPhoto\" title=\"Entdecken sie Spanien\" alt=\"cataluna comprar vivienda\"><\/a><\/div>\n<h2><a href=\"https:\/\/iyasta.com\/en\/discovering-spain\/cataluna\/\">Catalu\u00f1a<\/a><\/h2>\n<\/div>\n<\/div>\n<div class=\"inicio\">\n<div class=\"invierte\">\n<div><a href=\"https:\/\/iyasta.com\/en\/discovering-spain\/castilla-y-leon\/\"><img decoding=\"async\" title=\"\" src=\"https:\/\/iyasta.com\/wp-content\/themes\/wpresidence-child\/img\/espana_zonas\/ven-a-castilla-y-leon.jpg\" data-pretty=\"prettyPhoto\" title=\"Entdecken sie Spanien\" alt=\"castilla-leon comprar vivienda\"><\/a><\/div>\n<h2><a href=\"https:\/\/iyasta.com\/en\/discovering-spain\/castilla-y-leon\/\">Castilla<\/a><\/h2>\n<h2><a href=\"https:\/\/iyasta.com\/en\/discovering-spain\/castilla-y-leon\/\">Y Le\u00f3n<\/a><\/h2>\n<\/div>\n<\/div>\n<div class=\"inicio\">\n<div class=\"traduccion\">\n<div><a href=\"https:\/\/iyasta.com\/en\/discovering-spain\/extremadura\/\"><img decoding=\"async\" title=\"\" src=\"https:\/\/iyasta.com\/wp-content\/themes\/wpresidence-child\/img\/espana_zonas\/ven-a-extremadura.jpg\" data-pretty=\"prettyPhoto\" title=\"Entdecken sie Spanien\" alt=\"extremadura comprar vivienda\"><\/a><\/div>\n<h2><a href=\"https:\/\/iyasta.com\/en\/discovering-spain\/extremadura\/\">Extremadura<\/a><\/h2>\n<\/div>\n<\/div>\n<div class=\"inicio\">\n<div class=\"compra\">\n<div><a href=\"https:\/\/iyasta.com\/en\/discovering-spain\/madrid\/\"><img decoding=\"async\" title=\"\" src=\"https:\/\/iyasta.com\/wp-content\/themes\/wpresidence-child\/img\/espana_zonas\/ven-a-madrid.jpg\" data-pretty=\"prettyPhoto\" title=\"Entdecken sie Spanien\" alt=\"madrid comprar vivienda\"><\/a><\/div>\n<h2><a href=\"https:\/\/iyasta.com\/en\/discovering-spain\/madrid\/\">Madrid<\/a><\/h2>\n<\/div>\n<\/div>\n<div class=\"inicio\">\n<div class=\"invierte\">\n<div><a href=\"https:\/\/iyasta.com\/en\/discovering-spain\/castilla-la-mancha\/\"><img decoding=\"async\" title=\"\" src=\"https:\/\/iyasta.com\/wp-content\/themes\/wpresidence-child\/img\/espana_zonas\/ven-a-castilla-la-mancha.jpg\" data-pretty=\"prettyPhoto\" title=\"Entdecken sie Spanien\" alt=\"castilla la mancha comprar vivienda\"><\/a><\/div>\n<h2><a href=\"https:\/\/iyasta.com\/en\/discovering-spain\/castilla-la-mancha\/\">Castilla<\/a><\/h2>\n<h2><a href=\"https:\/\/www.iyasta.com\/descubre-espana\/castilla-la-mancha\/\">La Mancha<\/a><\/h2>\n<\/div>\n<\/div>\n<div class=\"inicio\">\n<div class=\"traduccion\">\n<div><a href=\"https:\/\/iyasta.com\/en\/discovering-spain\/comunidad-valenciana\/\"><img decoding=\"async\" title=\"\" src=\"https:\/\/iyasta.com\/wp-content\/themes\/wpresidence-child\/img\/espana_zonas\/ven-a-comunidad-valenciana.jpg\" data-pretty=\"prettyPhoto\" title=\"Entdecken sie Spanien\" alt=\"comunidad valenciana comprar vivienda\"><\/a><\/div>\n<h2><a href=\"https:\/\/iyasta.com\/en\/discovering-spain\/comunidad-valenciana\/\">Comunidad<\/a><\/h2>\n<h2><a href=\"https:\/\/iyasta.com\/en\/discovering-spain\/comunidad-valenciana\/\">Valenciana<\/a><\/h2>\n<\/div>\n<\/div>\n<div class=\"inicio\">\n<div class=\"compra\">\n<div><a href=\"https:\/\/iyasta.com\/en\/discovering-spain\/andalucia\/\"><img decoding=\"async\" title=\"\" src=\"https:\/\/iyasta.com\/wp-content\/themes\/wpresidence-child\/img\/espana_zonas\/ven-a-andalucia.jpg\" data-pretty=\"prettyPhoto\" title=\"Entdecken sie Spanien\" alt=\"andalucia comprar vivienda\"><\/a><\/div>\n<h2><a href=\"https:\/\/iyasta.com\/en\/discovering-spain\/andalucia\/\">Andaluc\u00eda<\/a><\/h2>\n<\/div>\n<\/div>\n<div class=\"inicio\">\n<div class=\"invierte\">\n<div><a href=\"https:\/\/iyasta.com\/en\/discovering-spain\/murcia\/\"><img decoding=\"async\" title=\"\" src=\"https:\/\/iyasta.com\/wp-content\/themes\/wpresidence-child\/img\/espana_zonas\/ven-a-murcia.jpg\" data-pretty=\"prettyPhoto\" title=\"Entdecken sie Spanien\" alt=\"murcia comprar vivienda\"><\/a><\/div>\n<h2><a href=\"https:\/\/iyasta.com\/en\/discovering-spain\/murcia\/\">Murcia<\/a><\/h2>\n<\/div>\n<\/div>\n<div class=\"inicio\">\n<div class=\"traduccion\">\n<div><a href=\"https:\/\/iyasta.com\/en\/discovering-spain\/islas-canarias\/\"><img decoding=\"async\" title=\"\" src=\"https:\/\/iyasta.com\/wp-content\/themes\/wpresidence-child\/img\/espana_zonas\/ven-a-islas-canarias.jpg\" data-pretty=\"prettyPhoto\" title=\"Entdecken sie Spanien\" alt=\"islas canarias comprar vivienda\"><\/a><\/div>\n<h2><a href=\"https:\/\/iyasta.com\/en\/discovering-spain\/islas-canarias\/\">Islas<\/a><\/h2>\n<h2><a href=\"https:\/\/iyasta.com\/en\/discovering-spain\/islas-canarias\/\">Canarias<\/a><\/h2>\n<\/div>\n<\/div>\n<div class=\"inicio\">\n<div class=\"compra\">\n<div><a href=\"https:\/\/iyasta.com\/en\/discovering-spain\/islas-baleares\/\"><img decoding=\"async\" title=\"\" src=\"https:\/\/iyasta.com\/wp-content\/themes\/wpresidence-child\/img\/espana_zonas\/ven-a-islas-baleares.jpg\" data-pretty=\"prettyPhoto\" title=\"Entdecken sie Spanien\" alt=\"islas-baleares comprar vivienda\"><\/a><\/div>\n<h2><a href=\"https:\/\/iyasta.com\/en\/discovering-spain\/islas-baleares\/\">Islas<\/a><\/h2>\n<h2><a href=\"https:\/\/iyasta.com\/en\/discovering-spain\/islas-baleares\/\">Baleares<\/a><\/h2>\n<\/div>\n<\/div>\n<div class=\"inicio\">\n<\/div>\n<\/div>\n","protected":false},"excerpt":{"rendered":"<p>Entdecken Sie Spanien Galicia Asturias Cantabria Pa\u00eds Vasco Navarra La Rioja Arag\u00f3n Catalu\u00f1a Castilla Y Le\u00f3n Extremadura Madrid Castilla La Mancha Comunidad Valenciana Andaluc\u00eda Murcia Islas Canarias Islas Baleares<\/p>\n","protected":false},"author":1,"featured_media":0,"parent":0,"menu_order":0,"comment_status":"closed","ping_status":"closed","template":"","meta":{"footnotes":""},"class_list":["post-68063","page","type-page","status-publish","hentry"],"_links":{"self":[{"href":"https:\/\/iyasta.com\/de\/wp-json\/wp\/v2\/pages\/68063","targetHints":{"allow":["GET"]}}],"collection":[{"href":"https:\/\/iyasta.com\/de\/wp-json\/wp\/v2\/pages"}],"about":[{"href":"https:\/\/iyasta.com\/de\/wp-json\/wp\/v2\/types\/page"}],"author":[{"embeddable":true,"href":"https:\/\/iyasta.com\/de\/wp-json\/wp\/v2\/users\/1"}],"replies":[{"embeddable":true,"href":"https:\/\/iyasta.com\/de\/wp-json\/wp\/v2\/comments?post=68063"}],"version-history":[{"count":7,"href":"https:\/\/iyasta.com\/de\/wp-json\/wp\/v2\/pages\/68063\/revisions"}],"predecessor-version":[{"id":68313,"href":"https:\/\/iyasta.com\/de\/wp-json\/wp\/v2\/pages\/68063\/revisions\/68313"}],"wp:attachment":[{"href":"https:\/\/iyasta.com\/de\/wp-json\/wp\/v2\/media?parent=68063"}],"curies":[{"name":"wp","href":"https:\/\/api.w.org\/{rel}","templated":true}]}}