{"id":26390,"date":"2018-04-20T18:53:17","date_gmt":"2018-04-20T16:53:17","guid":{"rendered":"https:\/\/iyasta.com\/traductor-en-whatsapp\/"},"modified":"2020-12-14T15:57:19","modified_gmt":"2020-12-14T14:57:19","slug":"ubersetzer-auf-whatsapp","status":"publish","type":"page","link":"https:\/\/iyasta.com\/de\/ubersetzer-auf-whatsapp\/","title":{"rendered":"\u00dcbersetzer auf WhatsApp"},"content":{"rendered":"<div class=\"titulo-herramientas\"><i class=\"fa fa-cog fa-spin\"><\/i><i class=\"fa fa-cog fa-spin\" style=\"font-size:27px;color:#665c5c;margin-left:5px;\"><\/i><i class=\"fa fa-cog fa-spin \" style=\"font-size:25px;color:#f05a28;position:relative;top:-21px;left:-30px;animation-direction:reverse;\"><\/i><\/p>\n<h1><i class=\"fa fa-whatsapp\" style=\"margin-right: 10px;\"><\/i>\u00dcbersetzer auf WhatsApp<\/h1>\n<\/div>\n<div class=\"gif_wh\">\n<div id=\"gif-wh-de\"><img decoding=\"async\" title=\"\" src=\"https:\/\/www.iyasta.com\/wp-content\/themes\/wpresidence-child\/img\/ubersetzer-google-whatsapp.jpg\" alt=\"international purchase of houses with whatsapp\"><\/div>\n<p class=\"gif_play\" style=\"text-align: center;height: 0px;margin: 0px;\"><i id=\"play-wh-de\" class=\"fa fa-play-circle-o\"><\/i><\/p>\n<h4>Lade die App herunter:<\/h4>\n<p style=\"text-align: center;background-color: #fff;margin: 0px;padding-top: 15px;\"><a href=\"https:\/\/play.google.com\/store\/search?q=Google%20\u00dcbersetzer&amp;c=apps&amp;hl=de\" target=\"_blank\" rel=\"noopener noreferrer\"><i class=\"fa fa-play\" style=\"margin-right:5px;\"><\/i>Google Play<\/a><\/p>\n<p style=\"text-align: center;background-color: #fff;margin: 0px;padding-top: 15px;\"><a href=\"https:\/\/itunes.apple.com\/de\/app\/traductor-de-google\/id414706506?mt=8\" target=\"_blank\" rel=\"noopener noreferrer\"><i class=\"fa fa-apple\" style=\"margin-right:5px;\"><\/i>App Store<\/a><\/p>\n<h4><a href=\"https:\/\/iyasta.com\/en\/whatsapp-translator\" target=\"_blank\" rel=\"noopener noreferrer\"><i class=\"fa fa-info-circle\" aria-hidden=\"true\" style=\"font-size: 25px;\"><\/i><\/a><\/h4>\n<\/div>\n<div class=\"listado_gif\">\n<div class=\"boton_gif\">\n<a href=\"https:\/\/iyasta.com\/de\/ubersetzer-auf-skype\/\"><img decoding=\"async\" title=\"\" src=\"https:\/\/iyasta.com\/wp-content\/themes\/wpresidence-child\/img\/ubersetzer-skype-130x130.jpg\" data-pretty=\"prettyPhoto\" title=\"\u00dcbersetzer auf WhatsApp\" alt=\"international purchase of houses with skype\"><span style=\"\">\u00dcbersetzer auf Skype<\/span><\/a><\/div>\n<\/div>\n<div class=\"listado_gif\">\n<div class=\"boton_gif\">\n<a href=\"https:\/\/iyasta.com\/de\/ubersetzer-auf-gboard\/\"><img decoding=\"async\" title=\"\" src=\"https:\/\/www.iyasta.com\/wp-content\/themes\/wpresidence-child\/img\/ubersetzer-gboard-130x130.jpg\" data-pretty=\"prettyPhoto\" title=\"\u00dcbersetzer auf WhatsApp\" alt=\"international purchase of houses with gboard\"><span style=\"font-size: 17px;font-weight: bold;position: relative;top: 0px;display: table;text-align: left;\">\u00dcbersetzer auf Gboard<\/span><\/a><\/div>\n<\/div>\n<div class=\"listado_gif\">\n<div class=\"boton_gif\">\n<a href=\"https:\/\/iyasta.com\/de\/immobilienwert\/\"><img decoding=\"async\" title=\"\" src=\"https:\/\/iyasta.com\/wp-content\/themes\/wpresidence-child\/img\/immobilienwert-130x130.jpg\" data-pretty=\"prettyPhoto\" title=\"\u00dcbersetzer auf WhatsApp\" alt=\"international purchase of houses with value\"><span style=\"font-size: 17px;font-weight: bold;position: relative;top: 0px;display: table;text-align: left;\">Eigenschaft Wert<\/span><\/a><\/div>\n<\/div>\n<div class=\"listado_gif\">\n<div class=\"boton_gif\" style=\"width: auto;\" data-toggle=\"modal\" data-target=\"#loginmodal\">\n<img decoding=\"async\" title=\"\" src=\"https:\/\/iyasta.com\/wp-content\/themes\/wpresidence-child\/img\/verkaufen-finden-ya-60x60.png\" alt=\"international purchase of houses with sell\" style=\"margin: 25px;max-width: 50px;\"><span style=\"font-family:'Mistral',Open Sans, sans-serif;color: #665c5c;font-size: 50px;position: relative;top: 47px;font-weight: initial;display: initial;text-align: initial;\">L<\/span><span style=\"font-family:'Mistral',Open Sans, sans-serif;color: #21876a;font-size: 50px;position: relative;top: 47px;font-weight: initial;display: initial;text-align: initial;\">oggen<\/span><\/div>\n<\/div>\n","protected":false},"excerpt":{"rendered":"<p>\u00dcbersetzer auf WhatsApp Lade die App herunter: Google Play App Store \u00dcbersetzer auf Skype \u00dcbersetzer auf Gboard Eigenschaft Wert Loggen<\/p>\n","protected":false},"author":1,"featured_media":0,"parent":0,"menu_order":0,"comment_status":"closed","ping_status":"closed","template":"","meta":{"footnotes":""},"class_list":["post-26390","page","type-page","status-publish","hentry"],"_links":{"self":[{"href":"https:\/\/iyasta.com\/de\/wp-json\/wp\/v2\/pages\/26390","targetHints":{"allow":["GET"]}}],"collection":[{"href":"https:\/\/iyasta.com\/de\/wp-json\/wp\/v2\/pages"}],"about":[{"href":"https:\/\/iyasta.com\/de\/wp-json\/wp\/v2\/types\/page"}],"author":[{"embeddable":true,"href":"https:\/\/iyasta.com\/de\/wp-json\/wp\/v2\/users\/1"}],"replies":[{"embeddable":true,"href":"https:\/\/iyasta.com\/de\/wp-json\/wp\/v2\/comments?post=26390"}],"version-history":[{"count":18,"href":"https:\/\/iyasta.com\/de\/wp-json\/wp\/v2\/pages\/26390\/revisions"}],"predecessor-version":[{"id":68012,"href":"https:\/\/iyasta.com\/de\/wp-json\/wp\/v2\/pages\/26390\/revisions\/68012"}],"wp:attachment":[{"href":"https:\/\/iyasta.com\/de\/wp-json\/wp\/v2\/media?parent=26390"}],"curies":[{"name":"wp","href":"https:\/\/api.w.org\/{rel}","templated":true}]}}