{"id":26377,"date":"2018-04-20T18:42:52","date_gmt":"2018-04-20T16:42:52","guid":{"rendered":"https:\/\/iyasta.com\/valora-tu-vivienda\/"},"modified":"2020-12-14T15:57:43","modified_gmt":"2020-12-14T14:57:43","slug":"immobilienwert","status":"publish","type":"page","link":"https:\/\/iyasta.com\/de\/immobilienwert\/","title":{"rendered":"Immobilienwert"},"content":{"rendered":"<div class=\"titulo-herramientas\"><i class=\"fa fa-cog fa-spin\"><\/i><i class=\"fa fa-cog fa-spin\" style=\"font-size:27px;color:#665c5c;margin-left:5px;\"><\/i><i class=\"fa fa-cog fa-spin \" style=\"font-size:25px;color:#f05a28;position:relative;top:-21px;left:-30px;animation-direction:reverse;\"><\/i><\/p>\n<h1><i class=\"fa fa-eur\" style=\"margin-right: 10px;\"><\/i>Immobilienwert<\/h1>\n<\/div>\n<div class=\"gif_wh\">\n<div id=\"gif-vl-de\"><img decoding=\"async\" title=\"\" src=\"https:\/\/www.iyasta.com\/wp-content\/themes\/wpresidence-child\/img\/immobilienwert.jpg\" alt=\"international purchase of houses with value\"><\/div>\n<p class=\"gif_play\" style=\"text-align: center;height: 0px;margin: 0px;\"><i id=\"play-vl-de\" class=\"fa fa-play-circle-o\"><\/i><\/p>\n<h4>Immobilienwert:<\/h4>\n<p style=\"text-align: center;background-color: #fff;margin: 0px;padding-top: 15px;\"><a href=\"https:\/\/www.bbva.es\/en\/personas\/experiencias\/bbva-valora.html\" target=\"_blank\" rel=\"noopener noreferrer\"><i class=\"fa fa-eur\" style=\"margin-right:5px;\"><\/i>BBVA<\/a><\/p>\n<h4><a href=\"https:\/\/iyasta.com\/en\/tools-to-value-properties\/\" target=\"_blank\" rel=\"noopener noreferrer\"><i class=\"fa fa-info-circle\" aria-hidden=\"true\" style=\"font-size: 25px;\"><\/i><\/a><\/h4>\n<\/div>\n<div class=\"listado_gif\">\n<div class=\"boton_gif\">\n<a href=\"https:\/\/iyasta.com\/de\/ubersetzer-auf-skype\/\"><img decoding=\"async\" title=\"\" src=\"https:\/\/iyasta.com\/wp-content\/themes\/wpresidence-child\/img\/ubersetzer-skype-130x130.jpg\" data-pretty=\"prettyPhoto\" title=\"Immobilienwert\" alt=\"international purchase of houses with skype\"><span style=\"\">\u00dcbersetzer auf Skype<\/span><\/a><\/div>\n<\/div>\n<div class=\"listado_gif\">\n<div class=\"boton_gif\">\n<a href=\"https:\/\/iyasta.com\/de\/ubersetzer-auf-gboard\/\"><img decoding=\"async\" title=\"\" src=\"https:\/\/www.iyasta.com\/wp-content\/themes\/wpresidence-child\/img\/ubersetzer-gboard-130x130.jpg\" data-pretty=\"prettyPhoto\" title=\"Immobilienwert\" alt=\"international purchase of houses with gboard\"><span style=\"font-size: 17px;font-weight: bold;position: relative;top: 0px;display: table;text-align: left;\">\u00dcbersetzer auf Gboard<\/span><\/a><\/div>\n<\/div>\n<div class=\"listado_gif\">\n<div class=\"boton_gif\">\n<a href=\"https:\/\/iyasta.com\/de\/ubersetzer-auf-whatsapp\/\"><img decoding=\"async\" title=\"\" src=\"https:\/\/www.iyasta.com\/wp-content\/themes\/wpresidence-child\/img\/ubersetzer-google-whatsapp-130x130.jpg\" data-pretty=\"prettyPhoto\" title=\"Immobilienwert\" alt=\"international purchase of houses with whatsapp\"><span style=\"font-size: 17px;font-weight: bold;position: relative;top: 0px;display: table;text-align: left;\">\u00dcbersetzer auf WhatsApp<\/span><\/a><\/div>\n<\/div>\n<div class=\"listado_gif\">\n<div class=\"boton_gif\" style=\"width: auto;\" data-toggle=\"modal\" data-target=\"#loginmodal\">\n<img decoding=\"async\" title=\"\" src=\"https:\/\/iyasta.com\/wp-content\/themes\/wpresidence-child\/img\/verkaufen-finden-ya-60x60.png\" alt=\"international purchase of houses with sell\" style=\"margin: 25px;max-width: 50px;\"><span style=\"font-family:'Mistral',Open Sans, sans-serif;color: #665c5c;font-size: 50px;position: relative;top: 47px;font-weight: initial;display: initial;text-align: initial;\">L<\/span><span style=\"font-family:'Mistral',Open Sans, sans-serif;color: #21876a;font-size: 50px;position: relative;top: 47px;font-weight: initial;display: initial;text-align: initial;\">oggen<\/span><\/div>\n<\/div>\n","protected":false},"excerpt":{"rendered":"<p>Immobilienwert Immobilienwert: BBVA \u00dcbersetzer auf Skype \u00dcbersetzer auf Gboard \u00dcbersetzer auf WhatsApp Loggen<\/p>\n","protected":false},"author":1,"featured_media":0,"parent":0,"menu_order":0,"comment_status":"closed","ping_status":"closed","template":"","meta":{"footnotes":""},"class_list":["post-26377","page","type-page","status-publish","hentry"],"_links":{"self":[{"href":"https:\/\/iyasta.com\/de\/wp-json\/wp\/v2\/pages\/26377","targetHints":{"allow":["GET"]}}],"collection":[{"href":"https:\/\/iyasta.com\/de\/wp-json\/wp\/v2\/pages"}],"about":[{"href":"https:\/\/iyasta.com\/de\/wp-json\/wp\/v2\/types\/page"}],"author":[{"embeddable":true,"href":"https:\/\/iyasta.com\/de\/wp-json\/wp\/v2\/users\/1"}],"replies":[{"embeddable":true,"href":"https:\/\/iyasta.com\/de\/wp-json\/wp\/v2\/comments?post=26377"}],"version-history":[{"count":10,"href":"https:\/\/iyasta.com\/de\/wp-json\/wp\/v2\/pages\/26377\/revisions"}],"predecessor-version":[{"id":68015,"href":"https:\/\/iyasta.com\/de\/wp-json\/wp\/v2\/pages\/26377\/revisions\/68015"}],"wp:attachment":[{"href":"https:\/\/iyasta.com\/de\/wp-json\/wp\/v2\/media?parent=26377"}],"curies":[{"name":"wp","href":"https:\/\/api.w.org\/{rel}","templated":true}]}}