{"id":21006,"date":"2015-02-19T09:48:19","date_gmt":"2015-02-19T09:48:19","guid":{"rendered":"https:\/\/iyasta.com\/contacto\/"},"modified":"2017-04-21T09:39:46","modified_gmt":"2017-04-21T07:39:46","slug":"kontakt","status":"publish","type":"page","link":"https:\/\/iyasta.com\/de\/kontakt\/","title":{"rendered":"Kontakt"},"content":{"rendered":"<div style=\"text-align: center; height: 57px; font-size: 14px;margin-top: 25px;\"> Falls Sie Fragen haben oder Hilfe brauchen, wenden Sie sich an uns. Bitte verwenden Sie das Webformular. Oder \u00fcberpr\u00fcfen:<\/div>\n<div style=\"text-align: center;height: 57px; font-size: 14px;\"><a style=\"color: #f05a28;font-weight: bold;margin-top: 15px;background-color: #665c5c;border-radius: 4px;padding: 6px 15px;\" href=\"https:\/\/iyasta.com\/de\/haufig-gestellte-fragen\/\">H\u00c4UFIG GESTELLTE FRAGEN<\/a><\/div>\n","protected":false},"excerpt":{"rendered":"<p>Falls Sie Fragen haben oder Hilfe brauchen, wenden Sie sich an uns. Bitte verwenden Sie das Webformular. Oder \u00fcberpr\u00fcfen: H\u00c4UFIG GESTELLTE FRAGEN<\/p>\n","protected":false},"author":1,"featured_media":0,"parent":0,"menu_order":0,"comment_status":"open","ping_status":"closed","template":"contact_page.php","meta":{"footnotes":""},"class_list":["post-21006","page","type-page","status-publish","hentry"],"_links":{"self":[{"href":"https:\/\/iyasta.com\/de\/wp-json\/wp\/v2\/pages\/21006","targetHints":{"allow":["GET"]}}],"collection":[{"href":"https:\/\/iyasta.com\/de\/wp-json\/wp\/v2\/pages"}],"about":[{"href":"https:\/\/iyasta.com\/de\/wp-json\/wp\/v2\/types\/page"}],"author":[{"embeddable":true,"href":"https:\/\/iyasta.com\/de\/wp-json\/wp\/v2\/users\/1"}],"replies":[{"embeddable":true,"href":"https:\/\/iyasta.com\/de\/wp-json\/wp\/v2\/comments?post=21006"}],"version-history":[{"count":1,"href":"https:\/\/iyasta.com\/de\/wp-json\/wp\/v2\/pages\/21006\/revisions"}],"predecessor-version":[{"id":21008,"href":"https:\/\/iyasta.com\/de\/wp-json\/wp\/v2\/pages\/21006\/revisions\/21008"}],"wp:attachment":[{"href":"https:\/\/iyasta.com\/de\/wp-json\/wp\/v2\/media?parent=21006"}],"curies":[{"name":"wp","href":"https:\/\/api.w.org\/{rel}","templated":true}]}}